{"id":205,"date":"2018-09-23T12:53:51","date_gmt":"2018-09-23T12:53:51","guid":{"rendered":"https:\/\/gabinetedepsicologiaonline.com\/presentacion\/"},"modified":"2026-01-07T10:09:29","modified_gmt":"2026-01-07T10:09:29","slug":"presentacion-2","status":"publish","type":"page","link":"https:\/\/gabinetedepsicologiaonline.com\/fr\/","title":{"rendered":"Pr\u00e9sentation"},"content":{"rendered":"<div class=\"wpb-content-wrapper\"><p>[vc_row type=\u00a0\u00bbvc_default\u00a0\u00bb full_width=\u00a0\u00bbstretch_row_content_no_spaces\u00a0\u00bb css=\u00a0\u00bb.vc_custom_1537616792951{margin-top: -50px !important;}\u00a0\u00bb][vc_column][vc_column_text css=\u00a0\u00bb\u00a0\u00bb]<img loading=\"lazy\" decoding=\"async\" class=\"wp-image-2512 size-full\" title=\"psychologues\" src=\"https:\/\/gabinetedepsicologiaonline.com\/wp-content\/uploads\/AdobeStock_216627930-e1552565775416.jpeg\" alt=\"\" width=\"5522\" height=\"2680\" srcset=\"https:\/\/gabinetedepsicologiaonline.com\/wp-content\/uploads\/AdobeStock_216627930-e1552565775416.jpeg 5522w, https:\/\/gabinetedepsicologiaonline.com\/wp-content\/uploads\/AdobeStock_216627930-e1552565775416-300x146.jpeg 300w, https:\/\/gabinetedepsicologiaonline.com\/wp-content\/uploads\/AdobeStock_216627930-e1552565775416-768x373.jpeg 768w, https:\/\/gabinetedepsicologiaonline.com\/wp-content\/uploads\/AdobeStock_216627930-e1552565775416-1024x497.jpeg 1024w\" sizes=\"auto, (max-width: 5522px) 100vw, 5522px\" \/><\/p>\n<p>[\/vc_column_text][\/vc_column][\/vc_row][vc_row][vc_column][vc_column_text]<\/p>\n<h2 style=\"border-bottom: 1px solid #6398aa; padding-bottom: 12px;\">Pr\u00e9sentation<\/h2>\n<p>[\/vc_column_text][\/vc_column][\/vc_row][vc_row][vc_column width=\u00a0\u00bb2\/3&Prime;][vc_column_text css=\u00a0\u00bb\u00a0\u00bb]<\/p>\n<div style=\"text-align: justify;\">\n<h4><u><strong>Notre travail<\/strong><\/u><\/h4>\n<p>Nous sommes une <strong><b><a href=\"https:\/\/gabinetedepsicologiaonline.com\/fr\/equipe\/ \"><strong>\u00e9quipe <\/strong><\/a><\/b> de psychologues et psychoth\u00e9rapeute francophone. Psychoth\u00e9rapie en ligne <\/strong>\u00a0et <strong>pr\u00e9sentielles \u00e0 Madrid et \u00e0 Paris<\/strong>.\u00a0 Avec diff\u00e9rentes sp\u00e9cialit\u00e9s:<\/p>\n<ul>\n<li>Crise personnelle et professionnelle.<\/li>\n<li>Probl\u00e8mes de couple et sexualit\u00e9.<\/li>\n<li>M\u00e9diation Familiale.<\/li>\n<li>Croissance personnelle.<\/li>\n<li>Expatri\u00e9.<\/li>\n<li>L&rsquo;estime de soi.<\/li>\n<li>Anxi\u00e9t\u00e9.<\/li>\n<li>Phobies .<\/li>\n<li>Stress.<\/li>\n<li>D\u00e9pression.<\/li>\n<li>Burn Out.<\/li>\n<li>D\u00e9pendance \u00e9motionnelle.<\/li>\n<li>Deuils.<\/li>\n<\/ul>\n<p><strong>Nous travaillons l\u2019\u00eatre humain comme un tout<\/strong>: ses pens\u00e9es, ses \u00e9motions, ses comportements et son corps.<\/p>\n<p>Nous faisons de la <strong>Th\u00e9rapie en ligne en fran\u00e7ais, espagnol, anglais, allemand, italien.<\/strong><br \/>\nEt de la <strong>Th\u00e9rapie Pr\u00e9sentielle \u00e0 Madrid et \u00e0 Paris<\/strong>.<\/p>\n<p>Nous avons eu <strong>l\u2019exp\u00e9rience de vivre dans d\u2019autres pays <\/strong>(France).<\/p>\n<p>Selon vos caract\u00e9ristiques et horaires vous aurez le professionnel qui vous sera le mieux adapt\u00e9.<\/p>\n<p><strong>Nous sommes tous des psychologues professionnels r\u00e9unissant les conditions n\u00e9cessaires pour pouvoir assurer une Th\u00e9rapie Chaleureuse et de Qualit\u00e9.<\/strong><\/p>\n<p>Merci de votre int\u00e9r\u00eat. Nous souhaitons vous aider.<\/p>\n<p style=\"text-align: center;\"><strong><em>&lsquo;Si tu veux aller vite, marche seul mais si tu veux aller loin, marchons ensamble&rsquo;.<\/em><\/strong><\/p>\n<p><strong>Laura Raijenstein.<\/strong><br \/>\nPsychologue Sanitaire -Th\u00e9rapeute en ligne<br \/>\nPsychoth\u00e9rapie en\u00a0ligne<br \/>\nPsychologue en francais \u00e0 Madrid<br \/>\nMail:\u00a0<a href=\"mailto:laurapsyonline@gmail.com\">laurapsyonline@gmail.com<\/a><br \/>\nFacebook:\u00a0<a href=\"http:\/\/www.facebook.com\/terapia.gpo\/\">terapia.gpo<\/a><br \/>\nInstagram:\u00a0<a href=\"https:\/\/www.instagram.com\/terapia.gpo\/\">terapia.gpo<\/a><\/p>\n<\/div>\n<p>[\/vc_column_text][\/vc_column][vc_column width=\u00a0\u00bb1\/3&Prime;]\n<div class=\"wpcf7 no-js\" id=\"wpcf7-f207-o1\" lang=\"es-ES\" dir=\"ltr\" data-wpcf7-id=\"207\">\n<div class=\"screen-reader-response\"><p role=\"status\" aria-live=\"polite\" aria-atomic=\"true\"><\/p> <ul><\/ul><\/div>\n<form action=\"\/fr\/wp-json\/wp\/v2\/pages\/205#wpcf7-f207-o1\" method=\"post\" class=\"wpcf7-form init\" aria-label=\"Formulario de contacto\" novalidate=\"novalidate\" data-status=\"init\">\n<fieldset class=\"hidden-fields-container\"><input type=\"hidden\" name=\"_wpcf7\" value=\"207\" \/><input type=\"hidden\" name=\"_wpcf7_version\" value=\"6.1\" \/><input type=\"hidden\" name=\"_wpcf7_locale\" value=\"es_ES\" \/><input type=\"hidden\" name=\"_wpcf7_unit_tag\" value=\"wpcf7-f207-o1\" \/><input type=\"hidden\" name=\"_wpcf7_container_post\" value=\"0\" \/><input type=\"hidden\" name=\"_wpcf7_posted_data_hash\" value=\"\" \/>\n<\/fieldset>\n<div style=\"background-color: #6398aa; padding: 15px; color: #FFFFFF;\">\n\t<h4 style=\"color: #FFFFFF; margin-bottom: 22px;\">Demande d'information \/ Rendez-vous\n\t<\/h4>\n\t<p><span class=\"wpcf7-form-control-wrap\" data-name=\"your-name\"><input size=\"40\" maxlength=\"400\" class=\"wpcf7-form-control wpcf7-text wpcf7-validates-as-required\" aria-required=\"true\" aria-invalid=\"false\" placeholder=\"Pr\u00e9nom*\" value=\"\" type=\"text\" name=\"your-name\" \/><\/span>\n\t<\/p>\n\t<p><span class=\"wpcf7-form-control-wrap\" data-name=\"your-email\"><input size=\"40\" maxlength=\"400\" class=\"wpcf7-form-control wpcf7-email wpcf7-validates-as-required wpcf7-text wpcf7-validates-as-email\" aria-required=\"true\" aria-invalid=\"false\" placeholder=\"Adresse email*\" value=\"\" type=\"email\" name=\"your-email\" \/><\/span>\n\t<\/p>\n\t<p><span class=\"wpcf7-form-control-wrap\" data-name=\"tel-410\"><input size=\"40\" maxlength=\"400\" class=\"wpcf7-form-control wpcf7-tel wpcf7-text wpcf7-validates-as-tel\" aria-invalid=\"false\" placeholder=\"T\u00e9l\u00e9phone\" value=\"\" type=\"tel\" name=\"tel-410\" \/><\/span>\n\t<\/p>\n\t<p><span class=\"wpcf7-form-control-wrap\" data-name=\"your-subject\"><input size=\"40\" maxlength=\"400\" class=\"wpcf7-form-control wpcf7-text\" aria-invalid=\"false\" placeholder=\"Sujet\" value=\"\" type=\"text\" name=\"your-subject\" \/><\/span>\n\t<\/p>\n\t<p><span class=\"wpcf7-form-control-wrap\" data-name=\"your-message\"><textarea cols=\"40\" rows=\"4\" maxlength=\"2000\" class=\"wpcf7-form-control wpcf7-textarea\" aria-invalid=\"false\" placeholder=\"Message\" name=\"your-message\"><\/textarea><\/span>\n\t<\/p>\n\t<p><span id=\"wpcf7-69f204d5f1c47-wrapper\" class=\"wpcf7-form-control-wrap honeypot-457-wrap\" style=\"display:none !important; visibility:hidden !important;\"><label for=\"wpcf7-69f204d5f1c47-field\" class=\"hp-message\">Por favor, deja este campo vac\u00edo.<\/label><input id=\"wpcf7-69f204d5f1c47-field\"  class=\"wpcf7-form-control wpcf7-text\" type=\"text\" name=\"honeypot-457\" value=\"\" size=\"40\" tabindex=\"-1\" autocomplete=\"new-password\" \/><\/span>\n\t<\/p>\n\t<p><input class=\"wpcf7-form-control wpcf7-submit has-spinner\" type=\"submit\" value=\"Envoyer\" \/>\n\t<\/p>\n<\/div>\n<h5 style=\"margin-top: 32px;\">\"Nous savons ce que nous sommes, mais nous ne savons toujours pas ce que nous pouvons devenir\". William Shakespeare\n<\/h5>\n<p><img loading=\"lazy\" decoding=\"async\" src=\"https:\/\/gabinetedepsicologiaonline.com\/wp-content\/uploads\/psicologo-espa\u00f1ol-online.jpg\" alt=\"\" width=\"440\" height=\"293\" class=\"alignnone size-full wp-image-31\" srcset=\"https:\/\/gabinetedepsicologiaonline.com\/wp-content\/uploads\/psicologo-espa\u00f1ol-online.jpg 440w, https:\/\/gabinetedepsicologiaonline.com\/wp-content\/uploads\/psicologo-espa\u00f1ol-online-300x200.jpg 300w\" sizes=\"auto, (max-width: 440px) 100vw, 440px\" \/>\n<\/p><p style=\"display: none !important;\" class=\"akismet-fields-container\" data-prefix=\"_wpcf7_ak_\"><label>&#916;<textarea name=\"_wpcf7_ak_hp_textarea\" cols=\"45\" rows=\"8\" maxlength=\"100\"><\/textarea><\/label><input type=\"hidden\" id=\"ak_js_1\" name=\"_wpcf7_ak_js\" value=\"164\"\/><script>document.getElementById( \"ak_js_1\" ).setAttribute( \"value\", ( new Date() ).getTime() );<\/script><\/p><div class=\"wpcf7-response-output\" aria-hidden=\"true\"><\/div>\n<\/form>\n<\/div>\n[\/vc_column][\/vc_row]<\/p>\n<\/div>","protected":false},"excerpt":{"rendered":"<p>[vc_row type=\u00a0\u00bbvc_default\u00a0\u00bb full_width=\u00a0\u00bbstretch_row_content_no_spaces\u00a0\u00bb css=\u00a0\u00bb.vc_custom_1537616792951{margin-top: -50px !important;}\u00a0\u00bb][vc_column][vc_column_text css=\u00a0\u00bb\u00a0\u00bb] [\/vc_column_text][\/vc_column][\/vc_row][vc_row][vc_column][vc_column_text] Pr\u00e9sentation [\/vc_column_text][\/vc_column][\/vc_row][vc_row][vc_column width=\u00a0\u00bb2\/3&Prime;][vc_column_text css=\u00a0\u00bb\u00a0\u00bb] Notre travail Nous sommes une \u00e9quipe de psychologues et psychoth\u00e9rapeute francophone. Psychoth\u00e9rapie en ligne \u00a0et pr\u00e9sentielles \u00e0 Madrid et \u00e0 Paris.\u00a0 Avec diff\u00e9rentes sp\u00e9cialit\u00e9s: Crise personnelle et professionnelle. Probl\u00e8mes de couple et sexualit\u00e9. M\u00e9diation Familiale. Croissance personnelle. Expatri\u00e9. L&rsquo;estime de soi. Anxi\u00e9t\u00e9. Phobies&hellip;<\/p>\n","protected":false},"author":1,"featured_media":0,"parent":0,"menu_order":0,"comment_status":"closed","ping_status":"closed","template":"","meta":{"_exactmetrics_skip_tracking":false,"_exactmetrics_sitenote_active":false,"_exactmetrics_sitenote_note":"","_exactmetrics_sitenote_category":0,"_joinchat":[],"footnotes":""},"class_list":["post-205","page","type-page","status-publish","hentry","description-off"],"yoast_head":"<!-- This site is optimized with the Yoast SEO plugin v25.4 - https:\/\/yoast.com\/wordpress\/plugins\/seo\/ -->\n<title>Pr\u00e9sentation - Gabinete de Psicolog\u00eda Online Laura Raijenstein<\/title>\n<meta name=\"description\" content=\"Nous sommes une \u00e9quipe de psychologues et psychoth\u00e9rapeute\u00a0francophone. Psychoth\u00e9rapie en\u00a0ligne et pr\u00e9sentielles \u00e0 Madrid.\u00a0\" \/>\n<meta name=\"robots\" content=\"index, follow, max-snippet:-1, max-image-preview:large, max-video-preview:-1\" \/>\n<link rel=\"canonical\" href=\"https:\/\/gabinetedepsicologiaonline.com\/fr\/\" \/>\n<meta property=\"og:locale\" content=\"fr_FR\" \/>\n<meta property=\"og:type\" content=\"article\" \/>\n<meta property=\"og:title\" content=\"Pr\u00e9sentation - Gabinete de Psicolog\u00eda Online Laura Raijenstein\" \/>\n<meta property=\"og:description\" content=\"Nous sommes une \u00e9quipe de psychologues et psychoth\u00e9rapeute\u00a0francophone. Psychoth\u00e9rapie en\u00a0ligne et pr\u00e9sentielles \u00e0 Madrid.\u00a0\" \/>\n<meta property=\"og:url\" content=\"https:\/\/gabinetedepsicologiaonline.com\/fr\/\" \/>\n<meta property=\"og:site_name\" content=\"Gabinete de Psicolog\u00eda Online Laura Raijenstein\" \/>\n<meta property=\"article:publisher\" content=\"http:\/\/facebook.com\/terapia.gpo\/\" \/>\n<meta property=\"article:modified_time\" content=\"2026-01-07T10:09:29+00:00\" \/>\n<meta property=\"og:image\" content=\"https:\/\/gabinetedepsicologiaonline.com\/wp-content\/uploads\/AdobeStock_216627930-e1552565775416.jpeg\" \/>\n\t<meta property=\"og:image:width\" content=\"5522\" \/>\n\t<meta property=\"og:image:height\" content=\"2680\" \/>\n\t<meta property=\"og:image:type\" content=\"image\/jpeg\" \/>\n<meta name=\"twitter:card\" content=\"summary_large_image\" \/>\n<meta name=\"twitter:label1\" content=\"Dur\u00e9e de lecture estim\u00e9e\" \/>\n\t<meta name=\"twitter:data1\" content=\"2 minutes\" \/>\n<script type=\"application\/ld+json\" class=\"yoast-schema-graph\">{\"@context\":\"https:\/\/schema.org\",\"@graph\":[{\"@type\":\"WebPage\",\"@id\":\"https:\/\/gabinetedepsicologiaonline.com\/fr\/\",\"url\":\"https:\/\/gabinetedepsicologiaonline.com\/fr\/\",\"name\":\"Pr\u00e9sentation - Gabinete de Psicolog\u00eda Online Laura Raijenstein\",\"isPartOf\":{\"@id\":\"https:\/\/gabinetedepsicologiaonline.com\/fr\/#website\"},\"primaryImageOfPage\":{\"@id\":\"https:\/\/gabinetedepsicologiaonline.com\/fr\/#primaryimage\"},\"image\":{\"@id\":\"https:\/\/gabinetedepsicologiaonline.com\/fr\/#primaryimage\"},\"thumbnailUrl\":\"https:\/\/gabinetedepsicologiaonline.com\/wp-content\/uploads\/AdobeStock_216627930-e1552565775416.jpeg\",\"datePublished\":\"2018-09-23T12:53:51+00:00\",\"dateModified\":\"2026-01-07T10:09:29+00:00\",\"description\":\"Nous sommes une \u00e9quipe de psychologues et psychoth\u00e9rapeute\u00a0francophone. Psychoth\u00e9rapie en\u00a0ligne et pr\u00e9sentielles \u00e0 Madrid.\u00a0\",\"breadcrumb\":{\"@id\":\"https:\/\/gabinetedepsicologiaonline.com\/fr\/#breadcrumb\"},\"inLanguage\":\"fr-FR\",\"potentialAction\":[{\"@type\":\"ReadAction\",\"target\":[\"https:\/\/gabinetedepsicologiaonline.com\/fr\/\"]}]},{\"@type\":\"ImageObject\",\"inLanguage\":\"fr-FR\",\"@id\":\"https:\/\/gabinetedepsicologiaonline.com\/fr\/#primaryimage\",\"url\":\"https:\/\/gabinetedepsicologiaonline.com\/wp-content\/uploads\/AdobeStock_216627930-e1552565775416.jpeg\",\"contentUrl\":\"https:\/\/gabinetedepsicologiaonline.com\/wp-content\/uploads\/AdobeStock_216627930-e1552565775416.jpeg\"},{\"@type\":\"BreadcrumbList\",\"@id\":\"https:\/\/gabinetedepsicologiaonline.com\/fr\/#breadcrumb\",\"itemListElement\":[{\"@type\":\"ListItem\",\"position\":1,\"name\":\"Portada\",\"item\":\"https:\/\/gabinetedepsicologiaonline.com\/fr\/\"},{\"@type\":\"ListItem\",\"position\":2,\"name\":\"Pr\u00e9sentation\"}]},{\"@type\":\"WebSite\",\"@id\":\"https:\/\/gabinetedepsicologiaonline.com\/fr\/#website\",\"url\":\"https:\/\/gabinetedepsicologiaonline.com\/fr\/\",\"name\":\"Terapia GPO- Psic\u00f3logos Online\",\"description\":\"Un Espacio para tu Bienestar y Salud Mental.\",\"publisher\":{\"@id\":\"https:\/\/gabinetedepsicologiaonline.com\/fr\/#organization\"},\"potentialAction\":[{\"@type\":\"SearchAction\",\"target\":{\"@type\":\"EntryPoint\",\"urlTemplate\":\"https:\/\/gabinetedepsicologiaonline.com\/fr\/?s={search_term_string}\"},\"query-input\":{\"@type\":\"PropertyValueSpecification\",\"valueRequired\":true,\"valueName\":\"search_term_string\"}}],\"inLanguage\":\"fr-FR\"},{\"@type\":\"Organization\",\"@id\":\"https:\/\/gabinetedepsicologiaonline.com\/fr\/#organization\",\"name\":\"Terapia GPO\",\"url\":\"https:\/\/gabinetedepsicologiaonline.com\/fr\/\",\"logo\":{\"@type\":\"ImageObject\",\"inLanguage\":\"fr-FR\",\"@id\":\"https:\/\/gabinetedepsicologiaonline.com\/fr\/#\/schema\/logo\/image\/\",\"url\":\"https:\/\/gabinetedepsicologiaonline.com\/wp-content\/uploads\/logo-1.jpg\",\"contentUrl\":\"https:\/\/gabinetedepsicologiaonline.com\/wp-content\/uploads\/logo-1.jpg\",\"width\":233,\"height\":150,\"caption\":\"Terapia GPO\"},\"image\":{\"@id\":\"https:\/\/gabinetedepsicologiaonline.com\/fr\/#\/schema\/logo\/image\/\"},\"sameAs\":[\"http:\/\/facebook.com\/terapia.gpo\/\",\"https:\/\/www.instagram.com\/terapia.gpo\/\",\"https:\/\/www.pinterest.es\/TerapiaGPO\/\",\"https:\/\/www.youtube.com\/channel\/UCKyTSsqNv183I0GwEdzw4lQ\"]}]}<\/script>\n<!-- \/ Yoast SEO plugin. -->","yoast_head_json":{"title":"Pr\u00e9sentation - Gabinete de Psicolog\u00eda Online Laura Raijenstein","description":"Nous sommes une \u00e9quipe de psychologues et psychoth\u00e9rapeute\u00a0francophone. Psychoth\u00e9rapie en\u00a0ligne et pr\u00e9sentielles \u00e0 Madrid.\u00a0","robots":{"index":"index","follow":"follow","max-snippet":"max-snippet:-1","max-image-preview":"max-image-preview:large","max-video-preview":"max-video-preview:-1"},"canonical":"https:\/\/gabinetedepsicologiaonline.com\/fr\/","og_locale":"fr_FR","og_type":"article","og_title":"Pr\u00e9sentation - Gabinete de Psicolog\u00eda Online Laura Raijenstein","og_description":"Nous sommes une \u00e9quipe de psychologues et psychoth\u00e9rapeute\u00a0francophone. Psychoth\u00e9rapie en\u00a0ligne et pr\u00e9sentielles \u00e0 Madrid.\u00a0","og_url":"https:\/\/gabinetedepsicologiaonline.com\/fr\/","og_site_name":"Gabinete de Psicolog\u00eda Online Laura Raijenstein","article_publisher":"http:\/\/facebook.com\/terapia.gpo\/","article_modified_time":"2026-01-07T10:09:29+00:00","og_image":[{"width":5522,"height":2680,"url":"https:\/\/gabinetedepsicologiaonline.com\/wp-content\/uploads\/AdobeStock_216627930-e1552565775416.jpeg","type":"image\/jpeg"}],"twitter_card":"summary_large_image","twitter_misc":{"Dur\u00e9e de lecture estim\u00e9e":"2 minutes"},"schema":{"@context":"https:\/\/schema.org","@graph":[{"@type":"WebPage","@id":"https:\/\/gabinetedepsicologiaonline.com\/fr\/","url":"https:\/\/gabinetedepsicologiaonline.com\/fr\/","name":"Pr\u00e9sentation - Gabinete de Psicolog\u00eda Online Laura Raijenstein","isPartOf":{"@id":"https:\/\/gabinetedepsicologiaonline.com\/fr\/#website"},"primaryImageOfPage":{"@id":"https:\/\/gabinetedepsicologiaonline.com\/fr\/#primaryimage"},"image":{"@id":"https:\/\/gabinetedepsicologiaonline.com\/fr\/#primaryimage"},"thumbnailUrl":"https:\/\/gabinetedepsicologiaonline.com\/wp-content\/uploads\/AdobeStock_216627930-e1552565775416.jpeg","datePublished":"2018-09-23T12:53:51+00:00","dateModified":"2026-01-07T10:09:29+00:00","description":"Nous sommes une \u00e9quipe de psychologues et psychoth\u00e9rapeute\u00a0francophone. Psychoth\u00e9rapie en\u00a0ligne et pr\u00e9sentielles \u00e0 Madrid.\u00a0","breadcrumb":{"@id":"https:\/\/gabinetedepsicologiaonline.com\/fr\/#breadcrumb"},"inLanguage":"fr-FR","potentialAction":[{"@type":"ReadAction","target":["https:\/\/gabinetedepsicologiaonline.com\/fr\/"]}]},{"@type":"ImageObject","inLanguage":"fr-FR","@id":"https:\/\/gabinetedepsicologiaonline.com\/fr\/#primaryimage","url":"https:\/\/gabinetedepsicologiaonline.com\/wp-content\/uploads\/AdobeStock_216627930-e1552565775416.jpeg","contentUrl":"https:\/\/gabinetedepsicologiaonline.com\/wp-content\/uploads\/AdobeStock_216627930-e1552565775416.jpeg"},{"@type":"BreadcrumbList","@id":"https:\/\/gabinetedepsicologiaonline.com\/fr\/#breadcrumb","itemListElement":[{"@type":"ListItem","position":1,"name":"Portada","item":"https:\/\/gabinetedepsicologiaonline.com\/fr\/"},{"@type":"ListItem","position":2,"name":"Pr\u00e9sentation"}]},{"@type":"WebSite","@id":"https:\/\/gabinetedepsicologiaonline.com\/fr\/#website","url":"https:\/\/gabinetedepsicologiaonline.com\/fr\/","name":"Terapia GPO- Psic\u00f3logos Online","description":"Un Espacio para tu Bienestar y Salud Mental.","publisher":{"@id":"https:\/\/gabinetedepsicologiaonline.com\/fr\/#organization"},"potentialAction":[{"@type":"SearchAction","target":{"@type":"EntryPoint","urlTemplate":"https:\/\/gabinetedepsicologiaonline.com\/fr\/?s={search_term_string}"},"query-input":{"@type":"PropertyValueSpecification","valueRequired":true,"valueName":"search_term_string"}}],"inLanguage":"fr-FR"},{"@type":"Organization","@id":"https:\/\/gabinetedepsicologiaonline.com\/fr\/#organization","name":"Terapia GPO","url":"https:\/\/gabinetedepsicologiaonline.com\/fr\/","logo":{"@type":"ImageObject","inLanguage":"fr-FR","@id":"https:\/\/gabinetedepsicologiaonline.com\/fr\/#\/schema\/logo\/image\/","url":"https:\/\/gabinetedepsicologiaonline.com\/wp-content\/uploads\/logo-1.jpg","contentUrl":"https:\/\/gabinetedepsicologiaonline.com\/wp-content\/uploads\/logo-1.jpg","width":233,"height":150,"caption":"Terapia GPO"},"image":{"@id":"https:\/\/gabinetedepsicologiaonline.com\/fr\/#\/schema\/logo\/image\/"},"sameAs":["http:\/\/facebook.com\/terapia.gpo\/","https:\/\/www.instagram.com\/terapia.gpo\/","https:\/\/www.pinterest.es\/TerapiaGPO\/","https:\/\/www.youtube.com\/channel\/UCKyTSsqNv183I0GwEdzw4lQ"]}]}},"wps_subtitle":"Psychoth\u00e9rapie en\u00a0ligne","_links":{"self":[{"href":"https:\/\/gabinetedepsicologiaonline.com\/fr\/wp-json\/wp\/v2\/pages\/205","targetHints":{"allow":["GET"]}}],"collection":[{"href":"https:\/\/gabinetedepsicologiaonline.com\/fr\/wp-json\/wp\/v2\/pages"}],"about":[{"href":"https:\/\/gabinetedepsicologiaonline.com\/fr\/wp-json\/wp\/v2\/types\/page"}],"author":[{"embeddable":true,"href":"https:\/\/gabinetedepsicologiaonline.com\/fr\/wp-json\/wp\/v2\/users\/1"}],"replies":[{"embeddable":true,"href":"https:\/\/gabinetedepsicologiaonline.com\/fr\/wp-json\/wp\/v2\/comments?post=205"}],"version-history":[{"count":19,"href":"https:\/\/gabinetedepsicologiaonline.com\/fr\/wp-json\/wp\/v2\/pages\/205\/revisions"}],"predecessor-version":[{"id":3334,"href":"https:\/\/gabinetedepsicologiaonline.com\/fr\/wp-json\/wp\/v2\/pages\/205\/revisions\/3334"}],"wp:attachment":[{"href":"https:\/\/gabinetedepsicologiaonline.com\/fr\/wp-json\/wp\/v2\/media?parent=205"}],"curies":[{"name":"wp","href":"https:\/\/api.w.org\/{rel}","templated":true}]}}