{"id":211,"date":"2018-09-23T12:45:32","date_gmt":"2018-09-23T12:45:32","guid":{"rendered":"https:\/\/gabinetedepsicologiaonline.com\/equipo\/"},"modified":"2019-08-28T12:49:00","modified_gmt":"2019-08-28T12:49:00","slug":"equipe","status":"publish","type":"page","link":"https:\/\/gabinetedepsicologiaonline.com\/fr\/equipe\/","title":{"rendered":"Equipe"},"content":{"rendered":"<div class=\"wpb-content-wrapper\"><p>[vc_row type=\u00a0\u00bbvc_default\u00a0\u00bb full_width=\u00a0\u00bbstretch_row_content_no_spaces\u00a0\u00bb css=\u00a0\u00bb.vc_custom_1537616792951{margin-top: -50px !important;}\u00a0\u00bb][vc_column][vc_column_text]<img loading=\"lazy\" decoding=\"async\" class=\"alignnone size-full wp-image-2423\" src=\"https:\/\/gabinetedepsicologiaonline.com\/wp-content\/uploads\/psicologia-en-madrid-terapia-online.jpg\" alt=\"\" width=\"1400\" height=\"440\" srcset=\"https:\/\/gabinetedepsicologiaonline.com\/wp-content\/uploads\/psicologia-en-madrid-terapia-online.jpg 1400w, https:\/\/gabinetedepsicologiaonline.com\/wp-content\/uploads\/psicologia-en-madrid-terapia-online-300x94.jpg 300w, https:\/\/gabinetedepsicologiaonline.com\/wp-content\/uploads\/psicologia-en-madrid-terapia-online-768x241.jpg 768w, https:\/\/gabinetedepsicologiaonline.com\/wp-content\/uploads\/psicologia-en-madrid-terapia-online-1024x322.jpg 1024w\" sizes=\"auto, (max-width: 1400px) 100vw, 1400px\" \/>[\/vc_column_text][\/vc_column][\/vc_row][vc_row][vc_column][vc_column_text]<\/p>\n<h2 style=\"border-bottom: 1px solid #6398aa; padding-bottom: 12px;\">Equipe<\/h2>\n<p>[\/vc_column_text][\/vc_column][\/vc_row][vc_row][vc_column width=\u00a0\u00bb2\/3&Prime;][vc_column_text]<\/p>\n<div style=\"text-align: justify;\">\n<h4><u><strong>Laura Raijenstein<\/strong><\/u><\/h4>\n<p><img loading=\"lazy\" decoding=\"async\" class=\"alignnone wp-image-2555 size-medium\" src=\"https:\/\/gabinetedepsicologiaonline.com\/wp-content\/uploads\/\/34-1280-1-300x200.jpg\" alt=\"\" width=\"300\" height=\"200\" srcset=\"https:\/\/gabinetedepsicologiaonline.com\/wp-content\/uploads\/34-1280-1-300x200.jpg 300w, https:\/\/gabinetedepsicologiaonline.com\/wp-content\/uploads\/34-1280-1-768x512.jpg 768w, https:\/\/gabinetedepsicologiaonline.com\/wp-content\/uploads\/34-1280-1-1024x682.jpg 1024w, https:\/\/gabinetedepsicologiaonline.com\/wp-content\/uploads\/34-1280-1.jpg 1280w\" sizes=\"auto, (max-width: 300px) 100vw, 300px\" \/><\/p>\n<p><strong>Psychologue\u00a0Sanitaire francophone \u00e0 Madrid et Online<br \/>\nInscrite \u00e0 l\u2019ordre des psychologues.<br \/>\nFrance : n\u00ba ADELI : 759320294.<br \/>\nEspagne: n\u00ba M-24904<\/strong><\/p>\n<p>Je m\u2019appelle Laura Raijenstein, et je suis la directrice de \u00ab\u00a0<a href=\"https:\/\/www.facebook.com\/terapia.gpo\" target=\"_blank\" rel=\"noopener noreferrer\">GPO-Gabinete de Psicolog\u00eda Online<\/a>\u00ab\u00a0.<br \/>\nJe suis Psychologue Sanitaire-Th\u00e9rapeute, Superviseuse et Formatrice espagnole en ligne et psychologue en francais \u00e0 Madrid .<\/p>\n<p>J\u2019ai v\u00e9cu pendant 7 ans \u00e0 Paris et je sais que c\u2019est tr\u00e8s difficile de trouver de bons professionnels parlant notre langue et avec lesquels se <strong>sentir \u00abcomme chez soi\u00bb.<\/strong><\/p>\n<p>C\u2019est pour cette raison que je me suis sp\u00e9cialis\u00e9e en <strong>Th\u00e9rapie Online<\/strong>, parce que je sais l\u2019importance lors de ces moments difficiles, o\u00f9 on se sent loin de ses proches, de pouvoir b\u00e9n\u00e9ficier de\u00a0<strong>l\u2019aide d\u2019un professionnel<\/strong> vous offrant la <strong>chaleur<\/strong> humaine et les <strong>connaissances n\u00e9cessaires<\/strong> pour trouver <strong>une solution \u00e0 vos probl\u00e8mes.<\/strong><\/p>\n<p>J\u2019ai une <strong>exp\u00e9rience professionnelle<\/strong> de plus de 10 ans en Espagne et en France (Mairie de Paris, <strong>ASE<\/strong> (Aide sociale \u00e0 l\u2019enfance; Service d\u2019encadrement familial, en orientant et accompagnant des familles d\u2019accueil) et cabinets priv\u00e9s \u00e0 Paris et Madrid). Je collabore avec diff\u00e9rentes associations, centres et consulats hispanophones.<\/p>\n<p><strong>Pionni\u00e8re en Th\u00e9rapie par Skype<\/strong>, je travaille depuis 2010 surtout avec des Expatri\u00e9s qui cherchent un Psychologue parlant l\u2019espagnol parce qu\u2019ils habitent dans diff\u00e9rents pays dont la langue n\u2019est pas l\u2019espagnol: la France, l\u2019Allemagne, l\u2019Angleterre, la Suisse, Malte, les \u00c9mirats Arabes, le Danemark, la Belgique, la Norv\u00e8ge, les \u00c9tats-Unis (Miami), la Tha\u00eflande&#8230;<br \/>\n(Je partage mon exp\u00e9rience de Th\u00e9rapie En ligne comme conf\u00e9renci\u00e8re dans d\u2019autres endroits: \u00e0 la FEAP lors du III Congr\u00e8s National de Psychoth\u00e9rapie. J\u2019ai \u00e9galement \u00e9t\u00e9 invit\u00e9e par l\u2019Universidad Pontificia Comillas de Madrid comme conf\u00e9renci\u00e8re lors de la Journ\u00e9e sur les \u00c9motions et la psychoth\u00e9rapie avec Leslie Greenberg).<\/p>\n<p>En 2011 j\u2019ai cr\u00e9\u00e9 le projet \u00ab<a href=\"https:\/\/www.facebook.com\/psicologaonlinefamilia\/\" target=\"_blank\" rel=\"noopener noreferrer\"><strong>Le caf\u00e9 des m\u00e8res et des p\u00e8res<\/strong><\/a>\u00bb qui donne une orientation et un accompagnement \u00e0 des m\u00e8res, p\u00e8res et professionnels travaillant avec des enfants. (Accompagnement On Line).<\/p>\n<p>Cela fait plus de 20 ans que je fais du <strong>travail de d\u00e9v\u00e9loppement personnelle : <\/strong>th\u00e9rapie, direction, formations, Masters, ateliers, \u2026<em>J\u2019aime apprendre et partager mes connaissances<\/em>.<\/p>\n<p><strong>Licence en Psychologie<\/strong> (Universidad Pontificia Comillas). <strong>Master Professionnel<\/strong> : Psychologie clinique et psychopathologie (Universit\u00e9 Descartes. Paris V). <strong>Master en Psychoth\u00e9rapie Humaniste Int\u00e9grative<\/strong>. <em>Expert en psychopathologie et psychodiagnostic. <\/em>(Instituto Galene). <strong>Sp\u00e9cialiste en Psychodiagnostic et techniques de la Gestalt<\/strong> (Umayquipae). Si vous souhaitez plus de renseignements vous pouvez aller sur\u00a0<a href=\"https:\/\/www.linkedin.com\/in\/laura-raijenstein-b5315318\/\" target=\"_blank\" rel=\"noopener noreferrer\">Linkedin<\/a>.<\/p>\n<h4 style=\"margin-top: 32px;\"><u><strong>Gema Casta\u00f1o<\/strong><\/u><\/h4>\n<p><img loading=\"lazy\" decoding=\"async\" class=\"alignnone wp-image-2554 size-medium\" src=\"https:\/\/gabinetedepsicologiaonline.com\/wp-content\/uploads\/\/foto-gema-perfil-300x203.jpg\" alt=\"\" width=\"300\" height=\"203\" \/><\/p>\n<p><strong>Psychologue au\u00a0<em>centre<\/em>&#8211;<em>ville<\/em>\u00a0de\u00a0<em>Madrid\u00a0<\/em>et Online<br \/>\nInscrite \u00e0 l\u2019ordre des psychologues.\u00a0<\/strong><strong>Espagne: M-19044.<\/strong><\/p>\n<p>Bonjour je m\u2019appelle Gema Casta\u00f1o et je suis une des psychoth\u00e9rapeutes qui travaillent \u00e0 \u00ab\u00a0<a href=\"https:\/\/www.facebook.com\/terapia.gpo\" target=\"_blank\" rel=\"noopener noreferrer\">GPO-Gabinete de Psicolog\u00eda Online<\/a>\u00ab\u00a0.<\/p>\n<p>Je suis psychologue, psychoth\u00e9rapeute et m\u00e9diatrice familiale.<\/p>\n<p>Pendant six ans j\u2019ai v\u00e9cu comme <strong>expatri\u00e9e<\/strong> aussi bien \u00e0 Marseille qu\u2019\u00e0 Port au Prince en Ha\u00efti o\u00f9 j\u2019ai travaill\u00e9 comme psychologue dans le domaine de la sant\u00e9 mentale et dans la recherche financ\u00e9e par une bourse de doctorant.<\/p>\n<p>Je sais combien il est difficile d\u2019abandonner son pays ainsi que tous les doutes profonds qui peuvent surgir pendant notre vie d\u2019expatri\u00e9. Je sais aussi combien il est difficile de partager son mal-\u00eatre dans une langue qui n\u2019est pas la n\u00f4tre et o\u00f9 les r\u00e9f\u00e9rences culturelles sont diff\u00e9rentes.Pendant ces moments de solitude o\u00f9 l\u2019on ne sait pas tr\u00e8s bien quel chemin prendre, s\u2019il faut rentrer ou pas, o\u00f9 l\u2019on ne se sent pas compl\u00e8tement d\u2019ici ni compl\u00e8tement de l\u00e0-bas, nous pouvons vous accompagner gr\u00e2ce a notre exp\u00e9rience aussi bien personnelle que professionnelle.<\/p>\n<p>J\u2019ai plus de 14 ans d\u2019exp\u00e9rience comme psychologue et m\u00e9diatrice familiale dans plusieurs mairies de la communaut\u00e9 de Madrid et dans des association en Espagne, en France et en Ha\u00efti.<br \/>\nEn cabinet priv\u00e9, je r\u00e9alise des th\u00e9rapies individuelles avec adultes et adolescents ainsi que des <strong>th\u00e9rapie de couple et de m\u00e9diation<\/strong> en espagnol et en fran\u00e7ais aussi bien en ligne qu\u2019en cabinet. Psychologue en fran\u00e7ais \u00e0 Madrid<\/p>\n<p>Je suis dipl\u00f4m\u00e9e en psychologie de l\u2019universit\u00e9 Complutence de Madrid, sp\u00e9cialis\u00e9e en troubles de l\u2019anxi\u00e9t\u00e9 et la d\u00e9pression (centre de psychologie Bertrand Russel), experte en m\u00e9diation famiale (universit\u00e9 Complutense de Madrid), experte en psychologie positive (Emotiva centre pour le changement) et d\u00e9tentrice d\u2019un Master en psychologie humaniste int\u00e9grative (institut Galene).<\/p>\n<h4 style=\"margin-top: 32px;\"><u><strong>Nous collaborons aussi avec d\u2019autres professionnels : psychologues, th\u00e9rapeutes, coaches et psychiatres, qui poss\u00e8dent tout ce qui est requis pour offrir un service de grande qualite.<\/strong><\/u><\/h4>\n<\/div>\n<p>[\/vc_column_text][\/vc_column][vc_column width=\u00a0\u00bb1\/3&Prime;]\n<div class=\"wpcf7 no-js\" id=\"wpcf7-f207-o1\" lang=\"es-ES\" dir=\"ltr\" data-wpcf7-id=\"207\">\n<div class=\"screen-reader-response\"><p role=\"status\" aria-live=\"polite\" aria-atomic=\"true\"><\/p> <ul><\/ul><\/div>\n<form action=\"\/fr\/wp-json\/wp\/v2\/pages\/211#wpcf7-f207-o1\" method=\"post\" class=\"wpcf7-form init\" aria-label=\"Formulario de contacto\" novalidate=\"novalidate\" data-status=\"init\">\n<fieldset class=\"hidden-fields-container\"><input type=\"hidden\" name=\"_wpcf7\" value=\"207\" \/><input type=\"hidden\" name=\"_wpcf7_version\" value=\"6.1\" \/><input type=\"hidden\" name=\"_wpcf7_locale\" value=\"es_ES\" \/><input type=\"hidden\" name=\"_wpcf7_unit_tag\" value=\"wpcf7-f207-o1\" \/><input type=\"hidden\" name=\"_wpcf7_container_post\" value=\"0\" \/><input type=\"hidden\" name=\"_wpcf7_posted_data_hash\" value=\"\" \/>\n<\/fieldset>\n<div style=\"background-color: #6398aa; padding: 15px; color: #FFFFFF;\">\n\t<h4 style=\"color: #FFFFFF; margin-bottom: 22px;\">Demande d'information \/ Rendez-vous\n\t<\/h4>\n\t<p><span class=\"wpcf7-form-control-wrap\" data-name=\"your-name\"><input size=\"40\" maxlength=\"400\" class=\"wpcf7-form-control wpcf7-text wpcf7-validates-as-required\" aria-required=\"true\" aria-invalid=\"false\" placeholder=\"Pr\u00e9nom*\" value=\"\" type=\"text\" name=\"your-name\" \/><\/span>\n\t<\/p>\n\t<p><span class=\"wpcf7-form-control-wrap\" data-name=\"your-email\"><input size=\"40\" maxlength=\"400\" class=\"wpcf7-form-control wpcf7-email wpcf7-validates-as-required wpcf7-text wpcf7-validates-as-email\" aria-required=\"true\" aria-invalid=\"false\" placeholder=\"Adresse email*\" value=\"\" type=\"email\" name=\"your-email\" \/><\/span>\n\t<\/p>\n\t<p><span class=\"wpcf7-form-control-wrap\" data-name=\"tel-410\"><input size=\"40\" maxlength=\"400\" class=\"wpcf7-form-control wpcf7-tel wpcf7-text wpcf7-validates-as-tel\" aria-invalid=\"false\" placeholder=\"T\u00e9l\u00e9phone\" value=\"\" type=\"tel\" name=\"tel-410\" \/><\/span>\n\t<\/p>\n\t<p><span class=\"wpcf7-form-control-wrap\" data-name=\"your-subject\"><input size=\"40\" maxlength=\"400\" class=\"wpcf7-form-control wpcf7-text\" aria-invalid=\"false\" placeholder=\"Sujet\" value=\"\" type=\"text\" name=\"your-subject\" \/><\/span>\n\t<\/p>\n\t<p><span class=\"wpcf7-form-control-wrap\" data-name=\"your-message\"><textarea cols=\"40\" rows=\"4\" maxlength=\"2000\" class=\"wpcf7-form-control wpcf7-textarea\" aria-invalid=\"false\" placeholder=\"Message\" name=\"your-message\"><\/textarea><\/span>\n\t<\/p>\n\t<p><span id=\"wpcf7-69e257492daaf-wrapper\" class=\"wpcf7-form-control-wrap honeypot-457-wrap\" style=\"display:none !important; visibility:hidden !important;\"><label for=\"wpcf7-69e257492daaf-field\" class=\"hp-message\">Por favor, deja este campo vac\u00edo.<\/label><input id=\"wpcf7-69e257492daaf-field\"  class=\"wpcf7-form-control wpcf7-text\" type=\"text\" name=\"honeypot-457\" value=\"\" size=\"40\" tabindex=\"-1\" autocomplete=\"new-password\" \/><\/span>\n\t<\/p>\n\t<p><input class=\"wpcf7-form-control wpcf7-submit has-spinner\" type=\"submit\" value=\"Envoyer\" \/>\n\t<\/p>\n<\/div>\n<h5 style=\"margin-top: 32px;\">\"Nous savons ce que nous sommes, mais nous ne savons toujours pas ce que nous pouvons devenir\". William Shakespeare\n<\/h5>\n<p><img loading=\"lazy\" decoding=\"async\" src=\"https:\/\/gabinetedepsicologiaonline.com\/wp-content\/uploads\/psicologo-espa\u00f1ol-online.jpg\" alt=\"\" width=\"440\" height=\"293\" class=\"alignnone size-full wp-image-31\" srcset=\"https:\/\/gabinetedepsicologiaonline.com\/wp-content\/uploads\/psicologo-espa\u00f1ol-online.jpg 440w, https:\/\/gabinetedepsicologiaonline.com\/wp-content\/uploads\/psicologo-espa\u00f1ol-online-300x200.jpg 300w\" sizes=\"auto, (max-width: 440px) 100vw, 440px\" \/>\n<\/p><p style=\"display: none !important;\" class=\"akismet-fields-container\" data-prefix=\"_wpcf7_ak_\"><label>&#916;<textarea name=\"_wpcf7_ak_hp_textarea\" cols=\"45\" rows=\"8\" maxlength=\"100\"><\/textarea><\/label><input type=\"hidden\" id=\"ak_js_1\" name=\"_wpcf7_ak_js\" value=\"149\"\/><script>document.getElementById( \"ak_js_1\" ).setAttribute( \"value\", ( new Date() ).getTime() );<\/script><\/p><div class=\"wpcf7-response-output\" aria-hidden=\"true\"><\/div>\n<\/form>\n<\/div>\n[\/vc_column][\/vc_row]<\/p>\n<\/div>","protected":false},"excerpt":{"rendered":"<p>[vc_row type=\u00a0\u00bbvc_default\u00a0\u00bb full_width=\u00a0\u00bbstretch_row_content_no_spaces\u00a0\u00bb css=\u00a0\u00bb.vc_custom_1537616792951{margin-top: -50px !important;}\u00a0\u00bb][vc_column][vc_column_text][\/vc_column_text][\/vc_column][\/vc_row][vc_row][vc_column][vc_column_text] Equipe [\/vc_column_text][\/vc_column][\/vc_row][vc_row][vc_column width=\u00a0\u00bb2\/3&Prime;][vc_column_text] Laura Raijenstein Psychologue\u00a0Sanitaire francophone \u00e0 Madrid et Online Inscrite \u00e0 l\u2019ordre des psychologues. France : n\u00ba ADELI : 759320294. Espagne: n\u00ba M-24904 Je m\u2019appelle Laura Raijenstein, et je suis la directrice de \u00ab\u00a0GPO-Gabinete de Psicolog\u00eda Online\u00ab\u00a0. Je suis Psychologue Sanitaire-Th\u00e9rapeute, Superviseuse et Formatrice espagnole en ligne&hellip;<\/p>\n","protected":false},"author":1,"featured_media":0,"parent":0,"menu_order":0,"comment_status":"closed","ping_status":"closed","template":"","meta":{"_exactmetrics_skip_tracking":false,"_exactmetrics_sitenote_active":false,"_exactmetrics_sitenote_note":"","_exactmetrics_sitenote_category":0,"_joinchat":[],"footnotes":""},"class_list":["post-211","page","type-page","status-publish","hentry","description-off"],"yoast_head":"<!-- This site is optimized with the Yoast SEO plugin v25.4 - https:\/\/yoast.com\/wordpress\/plugins\/seo\/ -->\n<title>Equipe - Gabinete de Psicolog\u00eda Online Laura Raijenstein<\/title>\n<meta name=\"robots\" content=\"index, follow, max-snippet:-1, max-image-preview:large, max-video-preview:-1\" \/>\n<link rel=\"canonical\" href=\"https:\/\/gabinetedepsicologiaonline.com\/fr\/equipe\/\" \/>\n<meta property=\"og:locale\" content=\"fr_FR\" \/>\n<meta property=\"og:type\" content=\"article\" \/>\n<meta property=\"og:title\" content=\"Equipe - Gabinete de Psicolog\u00eda Online Laura Raijenstein\" \/>\n<meta property=\"og:description\" content=\"[vc_row type=\u00a0\u00bbvc_default\u00a0\u00bb full_width=\u00a0\u00bbstretch_row_content_no_spaces\u00a0\u00bb css=\u00a0\u00bb.vc_custom_1537616792951{margin-top: -50px !important;}\u00a0\u00bb][vc_column][vc_column_text][\/vc_column_text][\/vc_column][\/vc_row][vc_row][vc_column][vc_column_text] Equipe [\/vc_column_text][\/vc_column][\/vc_row][vc_row][vc_column width=\u00a0\u00bb2\/3&Prime;][vc_column_text] Laura Raijenstein Psychologue\u00a0Sanitaire francophone \u00e0 Madrid et Online Inscrite \u00e0 l\u2019ordre des psychologues. France : n\u00ba ADELI : 759320294. Espagne: n\u00ba M-24904 Je m\u2019appelle Laura Raijenstein, et je suis la directrice de \u00ab\u00a0GPO-Gabinete de Psicolog\u00eda Online\u00ab\u00a0. Je suis Psychologue Sanitaire-Th\u00e9rapeute, Superviseuse et Formatrice espagnole en ligne&hellip;\" \/>\n<meta property=\"og:url\" content=\"https:\/\/gabinetedepsicologiaonline.com\/fr\/equipe\/\" \/>\n<meta property=\"og:site_name\" content=\"Gabinete de Psicolog\u00eda Online Laura Raijenstein\" \/>\n<meta property=\"article:publisher\" content=\"http:\/\/facebook.com\/terapia.gpo\/\" \/>\n<meta property=\"article:modified_time\" content=\"2019-08-28T12:49:00+00:00\" \/>\n<meta property=\"og:image\" content=\"https:\/\/gabinetedepsicologiaonline.com\/wp-content\/uploads\/psicologia-en-madrid-terapia-online.jpg\" \/>\n\t<meta property=\"og:image:width\" content=\"1400\" \/>\n\t<meta property=\"og:image:height\" content=\"440\" \/>\n\t<meta property=\"og:image:type\" content=\"image\/jpeg\" \/>\n<meta name=\"twitter:card\" content=\"summary_large_image\" \/>\n<meta name=\"twitter:label1\" content=\"Dur\u00e9e de lecture estim\u00e9e\" \/>\n\t<meta name=\"twitter:data1\" content=\"4 minutes\" \/>\n<script type=\"application\/ld+json\" class=\"yoast-schema-graph\">{\"@context\":\"https:\/\/schema.org\",\"@graph\":[{\"@type\":\"WebPage\",\"@id\":\"https:\/\/gabinetedepsicologiaonline.com\/fr\/equipe\/\",\"url\":\"https:\/\/gabinetedepsicologiaonline.com\/fr\/equipe\/\",\"name\":\"Equipe - Gabinete de Psicolog\u00eda Online Laura Raijenstein\",\"isPartOf\":{\"@id\":\"https:\/\/gabinetedepsicologiaonline.com\/fr\/#website\"},\"primaryImageOfPage\":{\"@id\":\"https:\/\/gabinetedepsicologiaonline.com\/fr\/equipe\/#primaryimage\"},\"image\":{\"@id\":\"https:\/\/gabinetedepsicologiaonline.com\/fr\/equipe\/#primaryimage\"},\"thumbnailUrl\":\"https:\/\/gabinetedepsicologiaonline.com\/wp-content\/uploads\/psicologia-en-madrid-terapia-online.jpg\",\"datePublished\":\"2018-09-23T12:45:32+00:00\",\"dateModified\":\"2019-08-28T12:49:00+00:00\",\"breadcrumb\":{\"@id\":\"https:\/\/gabinetedepsicologiaonline.com\/fr\/equipe\/#breadcrumb\"},\"inLanguage\":\"fr-FR\",\"potentialAction\":[{\"@type\":\"ReadAction\",\"target\":[\"https:\/\/gabinetedepsicologiaonline.com\/fr\/equipe\/\"]}]},{\"@type\":\"ImageObject\",\"inLanguage\":\"fr-FR\",\"@id\":\"https:\/\/gabinetedepsicologiaonline.com\/fr\/equipe\/#primaryimage\",\"url\":\"https:\/\/gabinetedepsicologiaonline.com\/wp-content\/uploads\/psicologia-en-madrid-terapia-online.jpg\",\"contentUrl\":\"https:\/\/gabinetedepsicologiaonline.com\/wp-content\/uploads\/psicologia-en-madrid-terapia-online.jpg\"},{\"@type\":\"BreadcrumbList\",\"@id\":\"https:\/\/gabinetedepsicologiaonline.com\/fr\/equipe\/#breadcrumb\",\"itemListElement\":[{\"@type\":\"ListItem\",\"position\":1,\"name\":\"Portada\",\"item\":\"https:\/\/gabinetedepsicologiaonline.com\/fr\/\"},{\"@type\":\"ListItem\",\"position\":2,\"name\":\"Equipe\"}]},{\"@type\":\"WebSite\",\"@id\":\"https:\/\/gabinetedepsicologiaonline.com\/fr\/#website\",\"url\":\"https:\/\/gabinetedepsicologiaonline.com\/fr\/\",\"name\":\"Terapia GPO- Psic\u00f3logos Online\",\"description\":\"Un Espacio para tu Bienestar y Salud Mental.\",\"publisher\":{\"@id\":\"https:\/\/gabinetedepsicologiaonline.com\/fr\/#organization\"},\"potentialAction\":[{\"@type\":\"SearchAction\",\"target\":{\"@type\":\"EntryPoint\",\"urlTemplate\":\"https:\/\/gabinetedepsicologiaonline.com\/fr\/?s={search_term_string}\"},\"query-input\":{\"@type\":\"PropertyValueSpecification\",\"valueRequired\":true,\"valueName\":\"search_term_string\"}}],\"inLanguage\":\"fr-FR\"},{\"@type\":\"Organization\",\"@id\":\"https:\/\/gabinetedepsicologiaonline.com\/fr\/#organization\",\"name\":\"Terapia GPO\",\"url\":\"https:\/\/gabinetedepsicologiaonline.com\/fr\/\",\"logo\":{\"@type\":\"ImageObject\",\"inLanguage\":\"fr-FR\",\"@id\":\"https:\/\/gabinetedepsicologiaonline.com\/fr\/#\/schema\/logo\/image\/\",\"url\":\"https:\/\/gabinetedepsicologiaonline.com\/wp-content\/uploads\/logo-1.jpg\",\"contentUrl\":\"https:\/\/gabinetedepsicologiaonline.com\/wp-content\/uploads\/logo-1.jpg\",\"width\":233,\"height\":150,\"caption\":\"Terapia GPO\"},\"image\":{\"@id\":\"https:\/\/gabinetedepsicologiaonline.com\/fr\/#\/schema\/logo\/image\/\"},\"sameAs\":[\"http:\/\/facebook.com\/terapia.gpo\/\",\"https:\/\/www.instagram.com\/terapia.gpo\/\",\"https:\/\/www.pinterest.es\/TerapiaGPO\/\",\"https:\/\/www.youtube.com\/channel\/UCKyTSsqNv183I0GwEdzw4lQ\"]}]}<\/script>\n<!-- \/ Yoast SEO plugin. -->","yoast_head_json":{"title":"Equipe - Gabinete de Psicolog\u00eda Online Laura Raijenstein","robots":{"index":"index","follow":"follow","max-snippet":"max-snippet:-1","max-image-preview":"max-image-preview:large","max-video-preview":"max-video-preview:-1"},"canonical":"https:\/\/gabinetedepsicologiaonline.com\/fr\/equipe\/","og_locale":"fr_FR","og_type":"article","og_title":"Equipe - Gabinete de Psicolog\u00eda Online Laura Raijenstein","og_description":"[vc_row type=\u00a0\u00bbvc_default\u00a0\u00bb full_width=\u00a0\u00bbstretch_row_content_no_spaces\u00a0\u00bb css=\u00a0\u00bb.vc_custom_1537616792951{margin-top: -50px !important;}\u00a0\u00bb][vc_column][vc_column_text][\/vc_column_text][\/vc_column][\/vc_row][vc_row][vc_column][vc_column_text] Equipe [\/vc_column_text][\/vc_column][\/vc_row][vc_row][vc_column width=\u00a0\u00bb2\/3&Prime;][vc_column_text] Laura Raijenstein Psychologue\u00a0Sanitaire francophone \u00e0 Madrid et Online Inscrite \u00e0 l\u2019ordre des psychologues. France : n\u00ba ADELI : 759320294. Espagne: n\u00ba M-24904 Je m\u2019appelle Laura Raijenstein, et je suis la directrice de \u00ab\u00a0GPO-Gabinete de Psicolog\u00eda Online\u00ab\u00a0. Je suis Psychologue Sanitaire-Th\u00e9rapeute, Superviseuse et Formatrice espagnole en ligne&hellip;","og_url":"https:\/\/gabinetedepsicologiaonline.com\/fr\/equipe\/","og_site_name":"Gabinete de Psicolog\u00eda Online Laura Raijenstein","article_publisher":"http:\/\/facebook.com\/terapia.gpo\/","article_modified_time":"2019-08-28T12:49:00+00:00","og_image":[{"width":1400,"height":440,"url":"https:\/\/gabinetedepsicologiaonline.com\/wp-content\/uploads\/psicologia-en-madrid-terapia-online.jpg","type":"image\/jpeg"}],"twitter_card":"summary_large_image","twitter_misc":{"Dur\u00e9e de lecture estim\u00e9e":"4 minutes"},"schema":{"@context":"https:\/\/schema.org","@graph":[{"@type":"WebPage","@id":"https:\/\/gabinetedepsicologiaonline.com\/fr\/equipe\/","url":"https:\/\/gabinetedepsicologiaonline.com\/fr\/equipe\/","name":"Equipe - Gabinete de Psicolog\u00eda Online Laura Raijenstein","isPartOf":{"@id":"https:\/\/gabinetedepsicologiaonline.com\/fr\/#website"},"primaryImageOfPage":{"@id":"https:\/\/gabinetedepsicologiaonline.com\/fr\/equipe\/#primaryimage"},"image":{"@id":"https:\/\/gabinetedepsicologiaonline.com\/fr\/equipe\/#primaryimage"},"thumbnailUrl":"https:\/\/gabinetedepsicologiaonline.com\/wp-content\/uploads\/psicologia-en-madrid-terapia-online.jpg","datePublished":"2018-09-23T12:45:32+00:00","dateModified":"2019-08-28T12:49:00+00:00","breadcrumb":{"@id":"https:\/\/gabinetedepsicologiaonline.com\/fr\/equipe\/#breadcrumb"},"inLanguage":"fr-FR","potentialAction":[{"@type":"ReadAction","target":["https:\/\/gabinetedepsicologiaonline.com\/fr\/equipe\/"]}]},{"@type":"ImageObject","inLanguage":"fr-FR","@id":"https:\/\/gabinetedepsicologiaonline.com\/fr\/equipe\/#primaryimage","url":"https:\/\/gabinetedepsicologiaonline.com\/wp-content\/uploads\/psicologia-en-madrid-terapia-online.jpg","contentUrl":"https:\/\/gabinetedepsicologiaonline.com\/wp-content\/uploads\/psicologia-en-madrid-terapia-online.jpg"},{"@type":"BreadcrumbList","@id":"https:\/\/gabinetedepsicologiaonline.com\/fr\/equipe\/#breadcrumb","itemListElement":[{"@type":"ListItem","position":1,"name":"Portada","item":"https:\/\/gabinetedepsicologiaonline.com\/fr\/"},{"@type":"ListItem","position":2,"name":"Equipe"}]},{"@type":"WebSite","@id":"https:\/\/gabinetedepsicologiaonline.com\/fr\/#website","url":"https:\/\/gabinetedepsicologiaonline.com\/fr\/","name":"Terapia GPO- Psic\u00f3logos Online","description":"Un Espacio para tu Bienestar y Salud Mental.","publisher":{"@id":"https:\/\/gabinetedepsicologiaonline.com\/fr\/#organization"},"potentialAction":[{"@type":"SearchAction","target":{"@type":"EntryPoint","urlTemplate":"https:\/\/gabinetedepsicologiaonline.com\/fr\/?s={search_term_string}"},"query-input":{"@type":"PropertyValueSpecification","valueRequired":true,"valueName":"search_term_string"}}],"inLanguage":"fr-FR"},{"@type":"Organization","@id":"https:\/\/gabinetedepsicologiaonline.com\/fr\/#organization","name":"Terapia GPO","url":"https:\/\/gabinetedepsicologiaonline.com\/fr\/","logo":{"@type":"ImageObject","inLanguage":"fr-FR","@id":"https:\/\/gabinetedepsicologiaonline.com\/fr\/#\/schema\/logo\/image\/","url":"https:\/\/gabinetedepsicologiaonline.com\/wp-content\/uploads\/logo-1.jpg","contentUrl":"https:\/\/gabinetedepsicologiaonline.com\/wp-content\/uploads\/logo-1.jpg","width":233,"height":150,"caption":"Terapia GPO"},"image":{"@id":"https:\/\/gabinetedepsicologiaonline.com\/fr\/#\/schema\/logo\/image\/"},"sameAs":["http:\/\/facebook.com\/terapia.gpo\/","https:\/\/www.instagram.com\/terapia.gpo\/","https:\/\/www.pinterest.es\/TerapiaGPO\/","https:\/\/www.youtube.com\/channel\/UCKyTSsqNv183I0GwEdzw4lQ"]}]}},"wps_subtitle":"","_links":{"self":[{"href":"https:\/\/gabinetedepsicologiaonline.com\/fr\/wp-json\/wp\/v2\/pages\/211","targetHints":{"allow":["GET"]}}],"collection":[{"href":"https:\/\/gabinetedepsicologiaonline.com\/fr\/wp-json\/wp\/v2\/pages"}],"about":[{"href":"https:\/\/gabinetedepsicologiaonline.com\/fr\/wp-json\/wp\/v2\/types\/page"}],"author":[{"embeddable":true,"href":"https:\/\/gabinetedepsicologiaonline.com\/fr\/wp-json\/wp\/v2\/users\/1"}],"replies":[{"embeddable":true,"href":"https:\/\/gabinetedepsicologiaonline.com\/fr\/wp-json\/wp\/v2\/comments?post=211"}],"version-history":[{"count":8,"href":"https:\/\/gabinetedepsicologiaonline.com\/fr\/wp-json\/wp\/v2\/pages\/211\/revisions"}],"predecessor-version":[{"id":1187,"href":"https:\/\/gabinetedepsicologiaonline.com\/fr\/wp-json\/wp\/v2\/pages\/211\/revisions\/1187"}],"wp:attachment":[{"href":"https:\/\/gabinetedepsicologiaonline.com\/fr\/wp-json\/wp\/v2\/media?parent=211"}],"curies":[{"name":"wp","href":"https:\/\/api.w.org\/{rel}","templated":true}]}}