{"id":220,"date":"2018-09-23T10:31:38","date_gmt":"2018-09-23T10:31:38","guid":{"rendered":"https:\/\/gabinetedepsicologiaonline.com\/psicoterapia-para-adolescentes\/"},"modified":"2026-01-07T10:03:33","modified_gmt":"2026-01-07T10:03:33","slug":"adolescents","status":"publish","type":"page","link":"https:\/\/gabinetedepsicologiaonline.com\/fr\/adolescents\/","title":{"rendered":"Adolescents"},"content":{"rendered":"<div class=\"wpb-content-wrapper\"><p>[vc_row type=\u00a0\u00bbvc_default\u00a0\u00bb full_width=\u00a0\u00bbstretch_row_content_no_spaces\u00a0\u00bb css=\u00a0\u00bb.vc_custom_1537616792951{margin-top: -50px !important;}\u00a0\u00bb][vc_column][vc_column_text]<img loading=\"lazy\" decoding=\"async\" class=\"alignnone size-full wp-image-2410\" src=\"https:\/\/gabinetedepsicologiaonline.com\/wp-content\/uploads\/psicoterapia-para-adolescentes.jpg\" alt=\"\" width=\"1400\" height=\"440\" srcset=\"https:\/\/gabinetedepsicologiaonline.com\/wp-content\/uploads\/psicoterapia-para-adolescentes.jpg 1400w, https:\/\/gabinetedepsicologiaonline.com\/wp-content\/uploads\/psicoterapia-para-adolescentes-300x94.jpg 300w, https:\/\/gabinetedepsicologiaonline.com\/wp-content\/uploads\/psicoterapia-para-adolescentes-768x241.jpg 768w, https:\/\/gabinetedepsicologiaonline.com\/wp-content\/uploads\/psicoterapia-para-adolescentes-1024x322.jpg 1024w\" sizes=\"auto, (max-width: 1400px) 100vw, 1400px\" \/>[\/vc_column_text][\/vc_column][\/vc_row][vc_row][vc_column][vc_column_text]<\/p>\n<h2 style=\"border-bottom: 1px solid #6398aa; padding-bottom: 12px;\">Adolescents<\/h2>\n<p>[\/vc_column_text][\/vc_column][\/vc_row][vc_row][vc_column width=\u00a0\u00bb2\/3&Prime;][vc_column_text css=\u00a0\u00bb\u00a0\u00bb]<\/p>\n<div style=\"text-align: justify;\">\n<h4><u><strong>Adolescents<\/strong><\/u><\/h4>\n<p>L\u2019adolescence est une <strong>\u00e9tape de changements au niveau biologique, psychologique, sexuel <\/strong>et <strong>social.<\/strong> C\u2019est une p\u00e9riode tr\u00e8s importante de la vie de la personne dans la mesure o\u00f9 il s\u2019y produit un processus de transformation de l\u2019enfant \u00e0 l\u2019adulte et cela a une influence sur le d\u00e9veloppement de la personnalit\u00e9.<\/p>\n<p>Tous les adolescents ne vivent pas ces changements de la m\u00eame mani\u00e8re, cela d\u00e9pend de leur environnement, des exp\u00e9riences v\u00e9cues ant\u00e9rieurement et des caract\u00e9ristiques personnelles de chaque jeune.<\/p>\n<p>Exemples de probl\u00e8mes possibles:<\/p>\n<ul>\n<li>Ils peuvent avoir des<strong> difficult\u00e9s au moment de g\u00e9rer leurs \u00e9motions<\/strong> ( anxi\u00e9t\u00e9, d\u00e9pression, stress, peur, obsession, manies, tics, difficult\u00e9s\u00a0 du sommeil, changement dans les habitudes alimentaires\u2026).<\/li>\n<li><strong>Faible rendement \u00e0 l\u2019\u00e9cole<\/strong>. D\u00fb \u00e0 des probl\u00e8mes de concentration,absent\u00e9isme scolaire\u2026<\/li>\n<li><strong>Probl\u00e8mes relationnels<\/strong>: ils peuvent \u00eatre timides, introvertis et ainsi tendre \u00e0 s\u2019exclure. Ou se manifester au travers d\u2019actes agressifs.<\/li>\n<li><strong>Bullying<\/strong>. Ils peuvent vivre ou produire du harc\u00e8lement scolaire.<\/li>\n<li><strong>Attitude t\u00e9m\u00e9raire<\/strong> : auto l\u00e9sion, addiction, relations sexuelles sans protection.<\/li>\n<li><strong>Faible estime de soi et obsession avec le corps<\/strong>.<\/li>\n<\/ul>\n<p>Nous savons que l\u2019adolescence n\u2019est pas une \u00e9tape facile ni pour les jeunes ni m\u00eame pour les familles et\/ou \u00e9ducateurs. C\u2019est pour cela que nous pensons qu\u2019il est important de <strong>poss\u00e9der des outils<\/strong> afin de surmonter cette \u00e9tape de la meilleure mani\u00e8re possible. Nous offrons un <strong>espace <\/strong><strong>d\u2019\u00e9coute<\/strong> <strong>et d\u2019accompagnement<\/strong>, o\u00f9 se combinent sessions individuelles avec le mineur (en l\u2019aidant \u00e0 <strong>acqu\u00e9rir des strat\u00e9gies<\/strong> pour affronter les difficult\u00e9s qu\u2019il rencontre) et des sessions avec ses adultes de r\u00e9f\u00e9rence (en obtenant des principes d\u2019action lui permettant de se sentir plus tranquille et accompagn\u00e9).<\/p>\n<p>Les sessions durent 50 minutes.<br \/>\nSelon l\u2019\u00e2ge et la probl\u00e9matique du jeune elles peuvent\u00a0 se faire en ligne ou sinon en cabinet \u00e0 Madrid et \u00e0 Paris.<\/p>\n<\/div>\n<p>[\/vc_column_text][\/vc_column][vc_column width=\u00a0\u00bb1\/3&Prime;]\n<div class=\"wpcf7 no-js\" id=\"wpcf7-f207-o1\" lang=\"es-ES\" dir=\"ltr\" data-wpcf7-id=\"207\">\n<div class=\"screen-reader-response\"><p role=\"status\" aria-live=\"polite\" aria-atomic=\"true\"><\/p> <ul><\/ul><\/div>\n<form action=\"\/fr\/wp-json\/wp\/v2\/pages\/220#wpcf7-f207-o1\" method=\"post\" class=\"wpcf7-form init\" aria-label=\"Formulario de contacto\" novalidate=\"novalidate\" data-status=\"init\">\n<fieldset class=\"hidden-fields-container\"><input type=\"hidden\" name=\"_wpcf7\" value=\"207\" \/><input type=\"hidden\" name=\"_wpcf7_version\" value=\"6.1\" \/><input type=\"hidden\" name=\"_wpcf7_locale\" value=\"es_ES\" \/><input type=\"hidden\" name=\"_wpcf7_unit_tag\" value=\"wpcf7-f207-o1\" \/><input type=\"hidden\" name=\"_wpcf7_container_post\" value=\"0\" \/><input type=\"hidden\" name=\"_wpcf7_posted_data_hash\" value=\"\" \/>\n<\/fieldset>\n<div style=\"background-color: #6398aa; padding: 15px; color: #FFFFFF;\">\n\t<h4 style=\"color: #FFFFFF; margin-bottom: 22px;\">Demande d'information \/ Rendez-vous\n\t<\/h4>\n\t<p><span class=\"wpcf7-form-control-wrap\" data-name=\"your-name\"><input size=\"40\" maxlength=\"400\" class=\"wpcf7-form-control wpcf7-text wpcf7-validates-as-required\" aria-required=\"true\" aria-invalid=\"false\" placeholder=\"Pr\u00e9nom*\" value=\"\" type=\"text\" name=\"your-name\" \/><\/span>\n\t<\/p>\n\t<p><span class=\"wpcf7-form-control-wrap\" data-name=\"your-email\"><input size=\"40\" maxlength=\"400\" class=\"wpcf7-form-control wpcf7-email wpcf7-validates-as-required wpcf7-text wpcf7-validates-as-email\" aria-required=\"true\" aria-invalid=\"false\" placeholder=\"Adresse email*\" value=\"\" type=\"email\" name=\"your-email\" \/><\/span>\n\t<\/p>\n\t<p><span class=\"wpcf7-form-control-wrap\" data-name=\"tel-410\"><input size=\"40\" maxlength=\"400\" class=\"wpcf7-form-control wpcf7-tel wpcf7-text wpcf7-validates-as-tel\" aria-invalid=\"false\" placeholder=\"T\u00e9l\u00e9phone\" value=\"\" type=\"tel\" name=\"tel-410\" \/><\/span>\n\t<\/p>\n\t<p><span class=\"wpcf7-form-control-wrap\" data-name=\"your-subject\"><input size=\"40\" maxlength=\"400\" class=\"wpcf7-form-control wpcf7-text\" aria-invalid=\"false\" placeholder=\"Sujet\" value=\"\" type=\"text\" name=\"your-subject\" \/><\/span>\n\t<\/p>\n\t<p><span class=\"wpcf7-form-control-wrap\" data-name=\"your-message\"><textarea cols=\"40\" rows=\"4\" maxlength=\"2000\" class=\"wpcf7-form-control wpcf7-textarea\" aria-invalid=\"false\" placeholder=\"Message\" name=\"your-message\"><\/textarea><\/span>\n\t<\/p>\n\t<p><span id=\"wpcf7-69f2cb45448bc-wrapper\" class=\"wpcf7-form-control-wrap honeypot-457-wrap\" style=\"display:none !important; visibility:hidden !important;\"><label for=\"wpcf7-69f2cb45448bc-field\" class=\"hp-message\">Por favor, deja este campo vac\u00edo.<\/label><input id=\"wpcf7-69f2cb45448bc-field\"  class=\"wpcf7-form-control wpcf7-text\" type=\"text\" name=\"honeypot-457\" value=\"\" size=\"40\" tabindex=\"-1\" autocomplete=\"new-password\" \/><\/span>\n\t<\/p>\n\t<p><input class=\"wpcf7-form-control wpcf7-submit has-spinner\" type=\"submit\" value=\"Envoyer\" \/>\n\t<\/p>\n<\/div>\n<h5 style=\"margin-top: 32px;\">\"Nous savons ce que nous sommes, mais nous ne savons toujours pas ce que nous pouvons devenir\". William Shakespeare\n<\/h5>\n<p><img loading=\"lazy\" decoding=\"async\" src=\"https:\/\/gabinetedepsicologiaonline.com\/wp-content\/uploads\/psicologo-espa\u00f1ol-online.jpg\" alt=\"\" width=\"440\" height=\"293\" class=\"alignnone size-full wp-image-31\" srcset=\"https:\/\/gabinetedepsicologiaonline.com\/wp-content\/uploads\/psicologo-espa\u00f1ol-online.jpg 440w, https:\/\/gabinetedepsicologiaonline.com\/wp-content\/uploads\/psicologo-espa\u00f1ol-online-300x200.jpg 300w\" sizes=\"auto, (max-width: 440px) 100vw, 440px\" \/>\n<\/p><p style=\"display: none !important;\" class=\"akismet-fields-container\" data-prefix=\"_wpcf7_ak_\"><label>&#916;<textarea name=\"_wpcf7_ak_hp_textarea\" cols=\"45\" rows=\"8\" maxlength=\"100\"><\/textarea><\/label><input type=\"hidden\" id=\"ak_js_1\" name=\"_wpcf7_ak_js\" value=\"146\"\/><script>document.getElementById( \"ak_js_1\" ).setAttribute( \"value\", ( new Date() ).getTime() );<\/script><\/p><div class=\"wpcf7-response-output\" aria-hidden=\"true\"><\/div>\n<\/form>\n<\/div>\n[\/vc_column][\/vc_row]<\/p>\n<\/div>","protected":false},"excerpt":{"rendered":"<p>[vc_row type=\u00a0\u00bbvc_default\u00a0\u00bb full_width=\u00a0\u00bbstretch_row_content_no_spaces\u00a0\u00bb css=\u00a0\u00bb.vc_custom_1537616792951{margin-top: -50px !important;}\u00a0\u00bb][vc_column][vc_column_text][\/vc_column_text][\/vc_column][\/vc_row][vc_row][vc_column][vc_column_text] Adolescents [\/vc_column_text][\/vc_column][\/vc_row][vc_row][vc_column width=\u00a0\u00bb2\/3&Prime;][vc_column_text css=\u00a0\u00bb\u00a0\u00bb] Adolescents L\u2019adolescence est une \u00e9tape de changements au niveau biologique, psychologique, sexuel et social. C\u2019est une p\u00e9riode tr\u00e8s importante de la vie de la personne dans la mesure o\u00f9 il s\u2019y produit un processus de transformation de l\u2019enfant \u00e0 l\u2019adulte et cela a une influence&hellip;<\/p>\n","protected":false},"author":1,"featured_media":0,"parent":0,"menu_order":0,"comment_status":"closed","ping_status":"closed","template":"","meta":{"_exactmetrics_skip_tracking":false,"_exactmetrics_sitenote_active":false,"_exactmetrics_sitenote_note":"","_exactmetrics_sitenote_category":0,"_joinchat":[],"footnotes":""},"class_list":["post-220","page","type-page","status-publish","hentry","description-off"],"yoast_head":"<!-- This site is optimized with the Yoast SEO plugin v25.4 - https:\/\/yoast.com\/wordpress\/plugins\/seo\/ -->\n<title>Adolescents - Gabinete de Psicolog\u00eda Online Laura Raijenstein<\/title>\n<meta name=\"robots\" content=\"index, follow, max-snippet:-1, max-image-preview:large, max-video-preview:-1\" \/>\n<link rel=\"canonical\" href=\"https:\/\/gabinetedepsicologiaonline.com\/fr\/adolescents\/\" \/>\n<meta property=\"og:locale\" content=\"fr_FR\" \/>\n<meta property=\"og:type\" content=\"article\" \/>\n<meta property=\"og:title\" content=\"Adolescents - Gabinete de Psicolog\u00eda Online Laura Raijenstein\" \/>\n<meta property=\"og:description\" content=\"[vc_row type=\u00a0\u00bbvc_default\u00a0\u00bb full_width=\u00a0\u00bbstretch_row_content_no_spaces\u00a0\u00bb css=\u00a0\u00bb.vc_custom_1537616792951{margin-top: -50px !important;}\u00a0\u00bb][vc_column][vc_column_text][\/vc_column_text][\/vc_column][\/vc_row][vc_row][vc_column][vc_column_text] Adolescents [\/vc_column_text][\/vc_column][\/vc_row][vc_row][vc_column width=\u00a0\u00bb2\/3&Prime;][vc_column_text css=\u00a0\u00bb\u00a0\u00bb] Adolescents L\u2019adolescence est une \u00e9tape de changements au niveau biologique, psychologique, sexuel et social. C\u2019est une p\u00e9riode tr\u00e8s importante de la vie de la personne dans la mesure o\u00f9 il s\u2019y produit un processus de transformation de l\u2019enfant \u00e0 l\u2019adulte et cela a une influence&hellip;\" \/>\n<meta property=\"og:url\" content=\"https:\/\/gabinetedepsicologiaonline.com\/fr\/adolescents\/\" \/>\n<meta property=\"og:site_name\" content=\"Gabinete de Psicolog\u00eda Online Laura Raijenstein\" \/>\n<meta property=\"article:publisher\" content=\"http:\/\/facebook.com\/terapia.gpo\/\" \/>\n<meta property=\"article:modified_time\" content=\"2026-01-07T10:03:33+00:00\" \/>\n<meta property=\"og:image\" content=\"https:\/\/gabinetedepsicologiaonline.com\/wp-content\/uploads\/psicoterapia-para-adolescentes.jpg\" \/>\n\t<meta property=\"og:image:width\" content=\"1400\" \/>\n\t<meta property=\"og:image:height\" content=\"440\" \/>\n\t<meta property=\"og:image:type\" content=\"image\/jpeg\" \/>\n<meta name=\"twitter:card\" content=\"summary_large_image\" \/>\n<meta name=\"twitter:label1\" content=\"Dur\u00e9e de lecture estim\u00e9e\" \/>\n\t<meta name=\"twitter:data1\" content=\"2 minutes\" \/>\n<script type=\"application\/ld+json\" class=\"yoast-schema-graph\">{\"@context\":\"https:\/\/schema.org\",\"@graph\":[{\"@type\":\"WebPage\",\"@id\":\"https:\/\/gabinetedepsicologiaonline.com\/fr\/adolescents\/\",\"url\":\"https:\/\/gabinetedepsicologiaonline.com\/fr\/adolescents\/\",\"name\":\"Adolescents - Gabinete de Psicolog\u00eda Online Laura Raijenstein\",\"isPartOf\":{\"@id\":\"https:\/\/gabinetedepsicologiaonline.com\/fr\/#website\"},\"primaryImageOfPage\":{\"@id\":\"https:\/\/gabinetedepsicologiaonline.com\/fr\/adolescents\/#primaryimage\"},\"image\":{\"@id\":\"https:\/\/gabinetedepsicologiaonline.com\/fr\/adolescents\/#primaryimage\"},\"thumbnailUrl\":\"https:\/\/gabinetedepsicologiaonline.com\/wp-content\/uploads\/psicoterapia-para-adolescentes.jpg\",\"datePublished\":\"2018-09-23T10:31:38+00:00\",\"dateModified\":\"2026-01-07T10:03:33+00:00\",\"breadcrumb\":{\"@id\":\"https:\/\/gabinetedepsicologiaonline.com\/fr\/adolescents\/#breadcrumb\"},\"inLanguage\":\"fr-FR\",\"potentialAction\":[{\"@type\":\"ReadAction\",\"target\":[\"https:\/\/gabinetedepsicologiaonline.com\/fr\/adolescents\/\"]}]},{\"@type\":\"ImageObject\",\"inLanguage\":\"fr-FR\",\"@id\":\"https:\/\/gabinetedepsicologiaonline.com\/fr\/adolescents\/#primaryimage\",\"url\":\"https:\/\/gabinetedepsicologiaonline.com\/wp-content\/uploads\/psicoterapia-para-adolescentes.jpg\",\"contentUrl\":\"https:\/\/gabinetedepsicologiaonline.com\/wp-content\/uploads\/psicoterapia-para-adolescentes.jpg\"},{\"@type\":\"BreadcrumbList\",\"@id\":\"https:\/\/gabinetedepsicologiaonline.com\/fr\/adolescents\/#breadcrumb\",\"itemListElement\":[{\"@type\":\"ListItem\",\"position\":1,\"name\":\"Portada\",\"item\":\"https:\/\/gabinetedepsicologiaonline.com\/fr\/\"},{\"@type\":\"ListItem\",\"position\":2,\"name\":\"Adolescents\"}]},{\"@type\":\"WebSite\",\"@id\":\"https:\/\/gabinetedepsicologiaonline.com\/fr\/#website\",\"url\":\"https:\/\/gabinetedepsicologiaonline.com\/fr\/\",\"name\":\"Terapia GPO- Psic\u00f3logos Online\",\"description\":\"Un Espacio para tu Bienestar y Salud Mental.\",\"publisher\":{\"@id\":\"https:\/\/gabinetedepsicologiaonline.com\/fr\/#organization\"},\"potentialAction\":[{\"@type\":\"SearchAction\",\"target\":{\"@type\":\"EntryPoint\",\"urlTemplate\":\"https:\/\/gabinetedepsicologiaonline.com\/fr\/?s={search_term_string}\"},\"query-input\":{\"@type\":\"PropertyValueSpecification\",\"valueRequired\":true,\"valueName\":\"search_term_string\"}}],\"inLanguage\":\"fr-FR\"},{\"@type\":\"Organization\",\"@id\":\"https:\/\/gabinetedepsicologiaonline.com\/fr\/#organization\",\"name\":\"Terapia GPO\",\"url\":\"https:\/\/gabinetedepsicologiaonline.com\/fr\/\",\"logo\":{\"@type\":\"ImageObject\",\"inLanguage\":\"fr-FR\",\"@id\":\"https:\/\/gabinetedepsicologiaonline.com\/fr\/#\/schema\/logo\/image\/\",\"url\":\"https:\/\/gabinetedepsicologiaonline.com\/wp-content\/uploads\/logo-1.jpg\",\"contentUrl\":\"https:\/\/gabinetedepsicologiaonline.com\/wp-content\/uploads\/logo-1.jpg\",\"width\":233,\"height\":150,\"caption\":\"Terapia GPO\"},\"image\":{\"@id\":\"https:\/\/gabinetedepsicologiaonline.com\/fr\/#\/schema\/logo\/image\/\"},\"sameAs\":[\"http:\/\/facebook.com\/terapia.gpo\/\",\"https:\/\/www.instagram.com\/terapia.gpo\/\",\"https:\/\/www.pinterest.es\/TerapiaGPO\/\",\"https:\/\/www.youtube.com\/channel\/UCKyTSsqNv183I0GwEdzw4lQ\"]}]}<\/script>\n<!-- \/ Yoast SEO plugin. -->","yoast_head_json":{"title":"Adolescents - Gabinete de Psicolog\u00eda Online Laura Raijenstein","robots":{"index":"index","follow":"follow","max-snippet":"max-snippet:-1","max-image-preview":"max-image-preview:large","max-video-preview":"max-video-preview:-1"},"canonical":"https:\/\/gabinetedepsicologiaonline.com\/fr\/adolescents\/","og_locale":"fr_FR","og_type":"article","og_title":"Adolescents - Gabinete de Psicolog\u00eda Online Laura Raijenstein","og_description":"[vc_row type=\u00a0\u00bbvc_default\u00a0\u00bb full_width=\u00a0\u00bbstretch_row_content_no_spaces\u00a0\u00bb css=\u00a0\u00bb.vc_custom_1537616792951{margin-top: -50px !important;}\u00a0\u00bb][vc_column][vc_column_text][\/vc_column_text][\/vc_column][\/vc_row][vc_row][vc_column][vc_column_text] Adolescents [\/vc_column_text][\/vc_column][\/vc_row][vc_row][vc_column width=\u00a0\u00bb2\/3&Prime;][vc_column_text css=\u00a0\u00bb\u00a0\u00bb] Adolescents L\u2019adolescence est une \u00e9tape de changements au niveau biologique, psychologique, sexuel et social. C\u2019est une p\u00e9riode tr\u00e8s importante de la vie de la personne dans la mesure o\u00f9 il s\u2019y produit un processus de transformation de l\u2019enfant \u00e0 l\u2019adulte et cela a une influence&hellip;","og_url":"https:\/\/gabinetedepsicologiaonline.com\/fr\/adolescents\/","og_site_name":"Gabinete de Psicolog\u00eda Online Laura Raijenstein","article_publisher":"http:\/\/facebook.com\/terapia.gpo\/","article_modified_time":"2026-01-07T10:03:33+00:00","og_image":[{"width":1400,"height":440,"url":"https:\/\/gabinetedepsicologiaonline.com\/wp-content\/uploads\/psicoterapia-para-adolescentes.jpg","type":"image\/jpeg"}],"twitter_card":"summary_large_image","twitter_misc":{"Dur\u00e9e de lecture estim\u00e9e":"2 minutes"},"schema":{"@context":"https:\/\/schema.org","@graph":[{"@type":"WebPage","@id":"https:\/\/gabinetedepsicologiaonline.com\/fr\/adolescents\/","url":"https:\/\/gabinetedepsicologiaonline.com\/fr\/adolescents\/","name":"Adolescents - Gabinete de Psicolog\u00eda Online Laura Raijenstein","isPartOf":{"@id":"https:\/\/gabinetedepsicologiaonline.com\/fr\/#website"},"primaryImageOfPage":{"@id":"https:\/\/gabinetedepsicologiaonline.com\/fr\/adolescents\/#primaryimage"},"image":{"@id":"https:\/\/gabinetedepsicologiaonline.com\/fr\/adolescents\/#primaryimage"},"thumbnailUrl":"https:\/\/gabinetedepsicologiaonline.com\/wp-content\/uploads\/psicoterapia-para-adolescentes.jpg","datePublished":"2018-09-23T10:31:38+00:00","dateModified":"2026-01-07T10:03:33+00:00","breadcrumb":{"@id":"https:\/\/gabinetedepsicologiaonline.com\/fr\/adolescents\/#breadcrumb"},"inLanguage":"fr-FR","potentialAction":[{"@type":"ReadAction","target":["https:\/\/gabinetedepsicologiaonline.com\/fr\/adolescents\/"]}]},{"@type":"ImageObject","inLanguage":"fr-FR","@id":"https:\/\/gabinetedepsicologiaonline.com\/fr\/adolescents\/#primaryimage","url":"https:\/\/gabinetedepsicologiaonline.com\/wp-content\/uploads\/psicoterapia-para-adolescentes.jpg","contentUrl":"https:\/\/gabinetedepsicologiaonline.com\/wp-content\/uploads\/psicoterapia-para-adolescentes.jpg"},{"@type":"BreadcrumbList","@id":"https:\/\/gabinetedepsicologiaonline.com\/fr\/adolescents\/#breadcrumb","itemListElement":[{"@type":"ListItem","position":1,"name":"Portada","item":"https:\/\/gabinetedepsicologiaonline.com\/fr\/"},{"@type":"ListItem","position":2,"name":"Adolescents"}]},{"@type":"WebSite","@id":"https:\/\/gabinetedepsicologiaonline.com\/fr\/#website","url":"https:\/\/gabinetedepsicologiaonline.com\/fr\/","name":"Terapia GPO- Psic\u00f3logos Online","description":"Un Espacio para tu Bienestar y Salud Mental.","publisher":{"@id":"https:\/\/gabinetedepsicologiaonline.com\/fr\/#organization"},"potentialAction":[{"@type":"SearchAction","target":{"@type":"EntryPoint","urlTemplate":"https:\/\/gabinetedepsicologiaonline.com\/fr\/?s={search_term_string}"},"query-input":{"@type":"PropertyValueSpecification","valueRequired":true,"valueName":"search_term_string"}}],"inLanguage":"fr-FR"},{"@type":"Organization","@id":"https:\/\/gabinetedepsicologiaonline.com\/fr\/#organization","name":"Terapia GPO","url":"https:\/\/gabinetedepsicologiaonline.com\/fr\/","logo":{"@type":"ImageObject","inLanguage":"fr-FR","@id":"https:\/\/gabinetedepsicologiaonline.com\/fr\/#\/schema\/logo\/image\/","url":"https:\/\/gabinetedepsicologiaonline.com\/wp-content\/uploads\/logo-1.jpg","contentUrl":"https:\/\/gabinetedepsicologiaonline.com\/wp-content\/uploads\/logo-1.jpg","width":233,"height":150,"caption":"Terapia GPO"},"image":{"@id":"https:\/\/gabinetedepsicologiaonline.com\/fr\/#\/schema\/logo\/image\/"},"sameAs":["http:\/\/facebook.com\/terapia.gpo\/","https:\/\/www.instagram.com\/terapia.gpo\/","https:\/\/www.pinterest.es\/TerapiaGPO\/","https:\/\/www.youtube.com\/channel\/UCKyTSsqNv183I0GwEdzw4lQ"]}]}},"wps_subtitle":"","_links":{"self":[{"href":"https:\/\/gabinetedepsicologiaonline.com\/fr\/wp-json\/wp\/v2\/pages\/220","targetHints":{"allow":["GET"]}}],"collection":[{"href":"https:\/\/gabinetedepsicologiaonline.com\/fr\/wp-json\/wp\/v2\/pages"}],"about":[{"href":"https:\/\/gabinetedepsicologiaonline.com\/fr\/wp-json\/wp\/v2\/types\/page"}],"author":[{"embeddable":true,"href":"https:\/\/gabinetedepsicologiaonline.com\/fr\/wp-json\/wp\/v2\/users\/1"}],"replies":[{"embeddable":true,"href":"https:\/\/gabinetedepsicologiaonline.com\/fr\/wp-json\/wp\/v2\/comments?post=220"}],"version-history":[{"count":6,"href":"https:\/\/gabinetedepsicologiaonline.com\/fr\/wp-json\/wp\/v2\/pages\/220\/revisions"}],"predecessor-version":[{"id":3332,"href":"https:\/\/gabinetedepsicologiaonline.com\/fr\/wp-json\/wp\/v2\/pages\/220\/revisions\/3332"}],"wp:attachment":[{"href":"https:\/\/gabinetedepsicologiaonline.com\/fr\/wp-json\/wp\/v2\/media?parent=220"}],"curies":[{"name":"wp","href":"https:\/\/api.w.org\/{rel}","templated":true}]}}